{"id":26806,"date":"2023-07-04T16:54:58","date_gmt":"2023-07-04T14:54:58","guid":{"rendered":"https:\/\/tesoroyachtsbalear.com\/?page_id=26806"},"modified":"2023-07-04T17:07:26","modified_gmt":"2023-07-04T15:07:26","slug":"gracias","status":"publish","type":"page","link":"https:\/\/tesoroyachtsbalear.com\/de\/ibiza-yacht-charter\/vielen-dank\/","title":{"rendered":"Vielen Dank"},"content":{"rendered":"<p><\/p>\n<h2>Herzlichen Dank f\u00fcr Ihr Interesse und Ihre Anfrage bei unserem Yacht Charter Service in Ibiza.<\/h2>\n<p><strong>Ihre Anfrage wurde erfolgreich \u00fcbermittelt und wird von unserem Team unverz\u00fcglich bearbeitet.<\/strong><br \/>\n<strong>Wir freuen uns darauf, Ihre pers\u00f6nliche Yachterfahrung zu planen und werden uns so schnell wie m\u00f6glich bei Ihnen melden.<\/strong><\/p>\n<p>Sollten Sie in der Zwischenzeit weitere Fragen haben oder zus\u00e4tzliche Informationen ben\u00f6tigen, z\u00f6gern Sie bitte nicht, uns zu kontaktieren. Sie erreichen uns unter der Telefonnummer +34 672 496 086 oder per E-Mail unter <a href=\"&#x6d;a&#x69;l&#x74;&#111;:&#x6d;a&#x69;&#108;&#64;&#x74;e&#x73;&#111;r&#x6f;y&#x61;c&#x68;&#x74;s&#x62;a&#x6c;&#101;a&#x72;.&#x63;&#111;m\">&#109;&#x61;i&#x6c;&#64;&#x74;e&#x73;o&#114;&#x6f;&#121;&#x61;c&#x68;t&#x73;b&#97;&#x6c;&#101;&#x61;r&#x2e;c&#x6f;m<\/a>. Wir freuen uns, Ihnen bei Ihrem perfekten Yachtausflug behilflich zu sein.<\/p>","protected":false},"excerpt":{"rendered":"<p>Herzlichen Dank f\u00fcr Ihr Interesse und Ihre Anfrage bei unserem Yacht Charter Service in Ibiza. Ihre Anfrage wurde erfolgreich \u00fcbermittelt und wird von unserem Team unverz\u00fcglich bearbeitet. Wir freuen uns darauf, Ihre pers\u00f6nliche Yachterfahrung zu planen und werden uns so schnell wie m\u00f6glich bei Ihnen melden. Sollten Sie in der Zwischenzeit weitere Fragen haben oder [&hellip;]<\/p>\n","protected":false},"author":1,"featured_media":0,"parent":90,"menu_order":0,"comment_status":"closed","ping_status":"closed","template":"","meta":{"footnotes":""},"acf":[],"_links":{"self":[{"href":"https:\/\/tesoroyachtsbalear.com\/de\/wp-json\/wp\/v2\/pages\/26806"}],"collection":[{"href":"https:\/\/tesoroyachtsbalear.com\/de\/wp-json\/wp\/v2\/pages"}],"about":[{"href":"https:\/\/tesoroyachtsbalear.com\/de\/wp-json\/wp\/v2\/types\/page"}],"author":[{"embeddable":true,"href":"https:\/\/tesoroyachtsbalear.com\/de\/wp-json\/wp\/v2\/users\/1"}],"replies":[{"embeddable":true,"href":"https:\/\/tesoroyachtsbalear.com\/de\/wp-json\/wp\/v2\/comments?post=26806"}],"version-history":[{"count":12,"href":"https:\/\/tesoroyachtsbalear.com\/de\/wp-json\/wp\/v2\/pages\/26806\/revisions"}],"predecessor-version":[{"id":26818,"href":"https:\/\/tesoroyachtsbalear.com\/de\/wp-json\/wp\/v2\/pages\/26806\/revisions\/26818"}],"up":[{"embeddable":true,"href":"https:\/\/tesoroyachtsbalear.com\/de\/wp-json\/wp\/v2\/pages\/90"}],"wp:attachment":[{"href":"https:\/\/tesoroyachtsbalear.com\/de\/wp-json\/wp\/v2\/media?parent=26806"}],"curies":[{"name":"wp","href":"https:\/\/api.w.org\/{rel}","templated":true}]}}