{"id":26806,"date":"2023-07-04T16:54:58","date_gmt":"2023-07-04T14:54:58","guid":{"rendered":"https:\/\/tesoroyachtsbalear.com\/?page_id=26806"},"modified":"2023-07-04T17:07:26","modified_gmt":"2023-07-04T15:07:26","slug":"gracias","status":"publish","type":"page","link":"https:\/\/tesoroyachtsbalear.com\/fr\/location-bateau-ibiza\/merci\/","title":{"rendered":"Merci"},"content":{"rendered":"<p><\/p>\n<h2>Merci pour votre int\u00e9r\u00eat et votre demande aupr\u00e8s de notre service de location de yachts \u00e0 Ibiza.<\/h2>\n<p><strong>Votre demande a \u00e9t\u00e9 soumise avec succ\u00e8s et est en cours de traitement par notre \u00e9quipe. <\/strong><br \/>\n<strong>Nous avons h\u00e2te de planifier votre exp\u00e9rience personnelle en yacht et nous reviendrons vers vous d\u00e8s que possible. <\/strong><\/p>\n<p>Si vous avez d&rsquo;autres questions ou avez besoin d&rsquo;informations suppl\u00e9mentaires entre-temps, n&rsquo;h\u00e9sitez pas \u00e0 nous contacter. Vous pouvez nous joindre au num\u00e9ro de t\u00e9l\u00e9phone +34 672 496 086 ou par e-mail \u00e0 <a href=\"&#109;a&#x69;l&#x74;o&#x3a;m&#x61;i&#x6c;&#64;&#x74;&#101;&#x73;&#111;r&#111;y&#x61;c&#x68;t&#x73;b&#x61;l&#x65;a&#x72;&#46;&#x63;&#111;m\">m&#97;&#x69;&#x6c;&#64;&#116;&#x65;&#x73;o&#114;&#x6f;&#x79;a&#99;&#x68;&#x74;s&#98;&#x61;&#x6c;e&#97;&#x72;&#x2e;c&#111;&#x6d;<\/a>. Nous sommes impatients de vous aider \u00e0 planifier vos vacances en yacht parfaites.<\/p>","protected":false},"excerpt":{"rendered":"<p>Merci pour votre int\u00e9r\u00eat et votre demande aupr\u00e8s de notre service de location de yachts \u00e0 Ibiza. Votre demande a \u00e9t\u00e9 soumise avec succ\u00e8s et est en cours de traitement par notre \u00e9quipe. Nous avons h\u00e2te de planifier votre exp\u00e9rience personnelle en yacht et nous reviendrons vers vous d\u00e8s que possible. Si vous avez d&rsquo;autres [&hellip;]<\/p>\n","protected":false},"author":1,"featured_media":0,"parent":90,"menu_order":0,"comment_status":"closed","ping_status":"closed","template":"","meta":{"footnotes":""},"acf":[],"_links":{"self":[{"href":"https:\/\/tesoroyachtsbalear.com\/fr\/wp-json\/wp\/v2\/pages\/26806"}],"collection":[{"href":"https:\/\/tesoroyachtsbalear.com\/fr\/wp-json\/wp\/v2\/pages"}],"about":[{"href":"https:\/\/tesoroyachtsbalear.com\/fr\/wp-json\/wp\/v2\/types\/page"}],"author":[{"embeddable":true,"href":"https:\/\/tesoroyachtsbalear.com\/fr\/wp-json\/wp\/v2\/users\/1"}],"replies":[{"embeddable":true,"href":"https:\/\/tesoroyachtsbalear.com\/fr\/wp-json\/wp\/v2\/comments?post=26806"}],"version-history":[{"count":12,"href":"https:\/\/tesoroyachtsbalear.com\/fr\/wp-json\/wp\/v2\/pages\/26806\/revisions"}],"predecessor-version":[{"id":26818,"href":"https:\/\/tesoroyachtsbalear.com\/fr\/wp-json\/wp\/v2\/pages\/26806\/revisions\/26818"}],"up":[{"embeddable":true,"href":"https:\/\/tesoroyachtsbalear.com\/fr\/wp-json\/wp\/v2\/pages\/90"}],"wp:attachment":[{"href":"https:\/\/tesoroyachtsbalear.com\/fr\/wp-json\/wp\/v2\/media?parent=26806"}],"curies":[{"name":"wp","href":"https:\/\/api.w.org\/{rel}","templated":true}]}}